{"id":16328,"date":"2021-01-04T08:06:12","date_gmt":"2021-01-04T01:06:12","guid":{"rendered":"https:\/\/aznose.vn\/lien-he\/"},"modified":"2025-11-10T00:10:51","modified_gmt":"2025-11-09T17:10:51","slug":"lien-he","status":"publish","type":"page","link":"https:\/\/aznose.vn\/en\/contact","title":{"rendered":"Contact"},"content":{"rendered":"\t<section class=\"section page-contact-header hide-for-small\" id=\"section_1610304280\">\n\t\t<div class=\"bg section-bg fill bg-fill  \" >\n\n\t\t\t\n\t\t\t\n\t\t\t\n\n\t\t<\/div>\n\n\t\t\n\n\t\t<div class=\"section-content relative\">\n\t\t\t\n<div class=\"row row-collapse\"  id=\"row-1350858290\">\n\n\t<div id=\"col-80050829\" class=\"col small-12 large-12\"  >\n\t\t\t\t<div class=\"col-inner\"  >\n\t\t\t\n\t\t\t\n\n  <div class=\"banner has-hover transparent-bg\" id=\"banner-1221304148\">\n          <div class=\"banner-inner fill\">\n        <div class=\"banner-bg fill\" >\n            <div class=\"bg fill bg-fill \"><\/div>\n                                    \n                    <\/div>\n\t\t\n        <div class=\"banner-layers container\">\n            <div class=\"fill banner-link\"><\/div>            \n   <div id=\"text-box-2136740480\" class=\"text-box banner-layer x50 md-x50 lg-x50 y100 md-y100 lg-y100 res-text\">\n                                <div class=\"text-box-content text \">\n              \n              <div class=\"text-inner text-center\">\n                  \n<p style=\"text-align: left;\"><nav aria-label=\"breadcrumbs\" class=\"rank-math-breadcrumb\"><p><span class=\"last\">Trang Ch\u1ee7<\/span><\/p><\/nav>\n              <\/div>\n           <\/div>\n                            \n<style>\n#text-box-2136740480 {\n  width: 100%;\n}\n#text-box-2136740480 .text-box-content {\n  font-size: 100%;\n}\n<\/style>\n    <\/div>\n \n        <\/div>\n      <\/div>\n\n            \n<style>\n#banner-1221304148 {\n  padding-top: 440px;\n}\n#banner-1221304148 .ux-shape-divider--top svg {\n  height: 150px;\n  --divider-top-width: 100%;\n}\n#banner-1221304148 .ux-shape-divider--bottom svg {\n  height: 150px;\n  --divider-width: 100%;\n}\n<\/style>\n  <\/div>\n\n\n\t\t<\/div>\n\t\t\t\t\t<\/div>\n\n\t\n<\/div>\n\t\t<\/div>\n\n\t\t\n<style>\n#section_1610304280 {\n  padding-top: 30px;\n  padding-bottom: 30px;\n}\n#section_1610304280 .section-bg.bg-loaded {\n  background-image: url(https:\/\/aznose.vn\/wp-content\/uploads\/2024\/02\/nang-mui-aznose-9-scaled.jpg);\n}\n#section_1610304280 .ux-shape-divider--top svg {\n  height: 150px;\n  --divider-top-width: 100%;\n}\n#section_1610304280 .ux-shape-divider--bottom svg {\n  height: 150px;\n  --divider-width: 100%;\n}\n<\/style>\n\t<\/section>\n\t\n\t<section class=\"section page-contact-header show-for-small\" id=\"section_658717838\">\n\t\t<div class=\"bg section-bg fill bg-fill  \" >\n\n\t\t\t\n\t\t\t\n\t\t\t\n\n\t\t<\/div>\n\n\t\t\n\n\t\t<div class=\"section-content relative\">\n\t\t\t\n<div class=\"row row-collapse\"  id=\"row-1626837930\">\n\n\t<div id=\"col-1563918015\" class=\"col small-12 large-12\"  >\n\t\t\t\t<div class=\"col-inner text-right\"  >\n\t\t\t\n\t\t\t\n\n  <div class=\"banner has-hover transparent-bg\" id=\"banner-1601376688\">\n          <div class=\"banner-inner fill\">\n        <div class=\"banner-bg fill\" >\n            <div class=\"bg fill bg-fill \"><\/div>\n                                    \n                    <\/div>\n\t\t\n        <div class=\"banner-layers container\">\n            <div class=\"fill banner-link\"><\/div>            \n   <div id=\"text-box-1232853302\" class=\"text-box banner-layer hide-for-small x95 md-x95 lg-x95 y85 md-y85 lg-y85 res-text\">\n                                <div class=\"text-box-content text \">\n              \n              <div class=\"text-inner text-center\">\n                  \n\t<div id=\"text-1157473093\" class=\"text\">\n\t\t\n<h1 class=\"uppercase\">Li\u00ean h\u1ec7<\/h1>\n\t\t\n<style>\n#text-1157473093 {\n  text-align: right;\n}\n<\/style>\n\t<\/div>\n\t\n              <\/div>\n           <\/div>\n                            \n<style>\n#text-box-1232853302 {\n  width: 60%;\n}\n#text-box-1232853302 .text-box-content {\n  font-size: 100%;\n}\n@media (min-width:550px) {\n  #text-box-1232853302 {\n    width: 40%;\n  }\n}\n<\/style>\n    <\/div>\n \n   <div id=\"text-box-940103350\" class=\"text-box banner-layer hide-for-small x50 md-x50 lg-x50 y100 md-y100 lg-y100 res-text\">\n                                <div class=\"text-box-content text \">\n              \n              <div class=\"text-inner text-center\">\n                  \n\t<div id=\"text-2857055261\" class=\"text\">\n\t\t\n<p><span style=\"font-size: 120%;\"><nav aria-label=\"breadcrumbs\" class=\"rank-math-breadcrumb\"><p><span class=\"last\">Trang Ch\u1ee7<\/span><\/p><\/nav><\/span><br \/>\n\t\t\n<style>\n#text-2857055261 {\n  text-align: right;\n}\n<\/style>\n\t<\/div>\n\t\n              <\/div>\n           <\/div>\n                            \n<style>\n#text-box-940103350 {\n  width: 91%;\n}\n#text-box-940103350 .text-box-content {\n  font-size: 100%;\n}\n<\/style>\n    <\/div>\n \n        <\/div>\n      <\/div>\n\n            \n<style>\n#banner-1601376688 {\n  padding-top: 500px;\n}\n#banner-1601376688 .ux-shape-divider--top svg {\n  height: 150px;\n  --divider-top-width: 100%;\n}\n#banner-1601376688 .ux-shape-divider--bottom svg {\n  height: 150px;\n  --divider-width: 100%;\n}\n@media (min-width:550px) {\n  #banner-1601376688 {\n    padding-top: 56.25%;\n  }\n}\n<\/style>\n  <\/div>\n\n\n\t\t<\/div>\n\t\t\t\t\t<\/div>\n\n\t\n<\/div>\n\t\t<\/div>\n\n\t\t\n<style>\n#section_658717838 {\n  padding-top: 30px;\n  padding-bottom: 30px;\n}\n#section_658717838 .section-bg.bg-loaded {\n  background-image: url(https:\/\/aznose.vn\/wp-content\/uploads\/2021\/01\/cover-mobile-7.jpg);\n}\n#section_658717838 .ux-shape-divider--top svg {\n  height: 150px;\n  --divider-top-width: 100%;\n}\n#section_658717838 .ux-shape-divider--bottom svg {\n  height: 150px;\n  --divider-width: 100%;\n}\n<\/style>\n\t<\/section>\n\t\n\n\n\t<section class=\"section contact-page-contact\" id=\"section_1817142425\">\n\t\t<div class=\"bg section-bg fill bg-fill  bg-loaded\" >\n\n\t\t\t\n\t\t\t\n\t\t\t\n\n\t\t<\/div>\n\n\t\t\n\n\t\t<div class=\"section-content relative\">\n\t\t\t\n<div class=\"row row-large\"  id=\"row-1820528346\">\n\n\t<div id=\"col-568533794\" class=\"col medium-3 small-12 large-3\"  >\n\t\t\t\t<div class=\"col-inner\"  >\n\t\t\t\n\t\t\t\n<h3 class=\"diag-line\"><span style=\"font-size: 130%;\">Ph\u00f2ng kh\u00e1m chuy\u00ean s\u00e2u n\u00e2ng m\u0169i AZ NOSE<\/span><\/h3>\n<p><em>AZ NOSE l\u00e0 th\u01b0\u01a1ng hi\u1ec7u chuy\u00ean s\u00e2u v\u1ec1 d\u1ecbch v\u1ee5 n\u00e2ng m\u0169i v\u1edbi h\u01a1n 40.000 ca n\u00e2ng m\u0169i, trong \u0111\u00f3 c\u00f3 g\u1ea7n 12.000 ca s\u1eeda m\u0169i h\u1ecfng \u0111\u00e3 th\u1ef1c hi\u1ec7n th\u00e0nh c\u00f4ng. V\u1edbi m\u1ee5c ti\u00eau d\u1eabn \u0111\u1ea7u l\u0129nh v\u1ef1c th\u1ea9m m\u1ef9 n\u00e2ng m\u0169i t\u1ea1i Vi\u1ec7t Nam, ch\u00fang t\u00f4i kh\u00f4ng ng\u1eebng c\u1ea3i ti\u1ebfn v\u1ec1 quy tr\u00ecnh, trang b\u1ecb c\u01a1 s\u1edf v\u1eadt ch\u1ea5t hi\u1ec7n \u0111\u1ea1i, \u0111\u1eb7c bi\u1ec7t l\u00e0 \u0111\u1ed9i ng\u0169 b\u00e1c s\u0129 c\u00f3 chuy\u00ean m\u00f4n cao nh\u1eb1m mang l\u1ea1i d\u00e1ng m\u0169i \u0111\u1eb9p v\u00e0 d\u1ecbch v\u1ee5 an to\u00e0n nh\u1ea5t cho Qu\u00fd kh\u00e1ch h\u00e0ng.<\/em><\/p>\n\t\t<\/div>\n\t\t\t\t\n<style>\n#col-568533794 > .col-inner {\n  padding: 85px 0px 0px 0px;\n}\n<\/style>\n\t<\/div>\n\n\t\n\n\t<div id=\"col-335236482\" class=\"col medium-5 small-12 large-5\"  >\n\t\t\t\t<div class=\"col-inner\"  >\n\t\t\t\n\t\t\t\n\t<div class=\"box has-hover text-on-image  has-hover box-label box-text-bottom\" >\n\n\t\t<div class=\"box-image\" style=\"width:90%;\">\n\t\t\t\t\t\t<div class=\"\" >\n\t\t\t\t<img loading=\"lazy\" decoding=\"async\" width=\"450\" height=\"450\" src=\"https:\/\/aznose.vn\/wp-content\/uploads\/2021\/01\/contact-bg-3.png\" class=\"attachment- size-\" alt=\"\" title=\"\">\t\t\t\t\t\t\t\t\t\t\t<\/div>\n\t\t\t\t\t<\/div>\n\n\t\t<div class=\"box-text text-center\" >\n\t\t\t<div class=\"box-text-inner\">\n\t\t\t\t\n\t<div id=\"text-1329179982\" class=\"text\">\n\t\t\n<h3 class=\"diag-line\" style=\"text-align: left;\"><span style=\"font-size: 150%;\">LI\u00caN H\u1ec6<\/span><\/h3>\n<p style=\"text-align: left;\"><strong><span style=\"font-size: 110%;\" data-text-color=\"primary\">Hotline: <\/span><\/strong><a href=\"tel:+84943168179\"><span style=\"font-size: 110%;\" data-text-color=\"primary\"><em>090 316 71 78<\/em><\/span><\/a><\/p>\n<p style=\"text-align: left;\"><strong><span style=\"font-size: 110%;\" data-text-color=\"primary\">Email: <\/span><\/strong><span style=\"font-size: 110%;\" data-text-color=\"primary\">info<\/span><span style=\"font-size: 110%;\" data-text-color=\"primary\">@aznose.vn<\/span><\/p>\n<p style=\"text-align: left;\"><strong><span style=\"font-size: 110%;\" data-text-color=\"primary\">\u0110\u1ecba ch\u1ec9: <\/span><\/strong><span style=\"font-size: 110%;\" data-text-color=\"primary\"><em>263-265 \u0110\u01b0\u1eddng 3 th\u00e1ng 2, Ph\u01b0\u1eddng 10, Qu\u1eadn 10, TP.HCM<\/em><\/span><\/p>\n\t\t\n<style>\n#text-1329179982 {\n  text-align: center;\n}\n<\/style>\n\t<\/div>\n\t\n\t\t\t<\/div>\n\t\t<\/div>\n\t<\/div>\n\t\n\t\t<\/div>\n\t\t\t\t\t<\/div>\n\n\t\n\n\t<div id=\"col-1581943603\" class=\"col medium-4 small-12 large-4\"  >\n\t\t\t\t<div class=\"col-inner\"  >\n\t\t\t\n\t\t\t\n<h3 class=\"diag-line\"><span style=\"font-size: 130%;\">TH\u1edcI GIAN HO\u1ea0T \u0110\u1ed8NG<\/span><\/h3>\n<p><span style=\"font-weight: 400;\">Th\u1ee9 2 &#8211; Th\u1ee9 7: 8:00 &#8211; 18:00<\/span><\/p>\n<p><span style=\"font-weight: 400;\">Ch\u1ee7 nh\u1eadt: 8:00 &#8211; 12:00 (ch\u1ec9 t\u01b0 v\u1ea5n)<\/span><\/p>\n<h3><span style=\"font-size: 130%;\">SOCIAL<\/span><\/h3>\n<ul>\n<li><i class=\"fab fa-tiktok\"><\/i><a href=\"https:\/\/www.tiktok.com\/@aznose265\" target=\"_blank\" rel=\"noopener\">TikTok<\/a><\/li>\n<li><a href=\"https:\/\/www.facebook.com\/AZNOSE\/\" target=\"_blank\" rel=\"noopener\">Facebook<\/a><\/li>\n<li><a href=\"https:\/\/www.youtube.com\/channel\/UCBQopVW2V9PwM7o_Xg9o4IQ\" target=\"_blank\" rel=\"noopener\">Youtube<\/a><\/li>\n<li><a href=\"https:\/\/www.instagram.com\/az_nose\/\" target=\"_blank\" rel=\"noopener\">Instagram<\/a><\/li>\n<\/ul>\n\t\t<\/div>\n\t\t\t\t\n<style>\n#col-1581943603 > .col-inner {\n  padding: 85px 0px 0px 0px;\n}\n<\/style>\n\t<\/div>\n\n\t\n<\/div>\n\t\t<\/div>\n\n\t\t\n<style>\n#section_1817142425 {\n  padding-top: 50px;\n  padding-bottom: 50px;\n}\n#section_1817142425 .ux-shape-divider--top svg {\n  height: 150px;\n  --divider-top-width: 100%;\n}\n#section_1817142425 .ux-shape-divider--bottom svg {\n  height: 150px;\n  --divider-width: 100%;\n}\n<\/style>\n\t<\/section>\n\t\n\t<section class=\"section\" id=\"section_1235593459\">\n\t\t<div class=\"bg section-bg fill bg-fill  bg-loaded\" >\n\n\t\t\t\n\t\t\t\n\t\t\t\n\n\t\t<\/div>\n\n\t\t\n\n\t\t<div class=\"section-content relative\">\n\t\t\t\n\n<p><iframe src=\"https:\/\/www.google.com\/maps\/embed?pb=!1m18!1m12!1m3!1d1647.9533171130668!2d106.67140083796453!3d10.771764558796852!2m3!1f0!2f0!3f0!3m2!1i1024!2i768!4f13.1!3m3!1m2!1s0x317528a6dd3c46e3%3A0x8e37e0e100615964!2zVGjhuqltIG3hu7kgQVogTk9TRSAtIENodXnDqm4gU8OidSBOw6JuZyBNxalp!5e0!3m2!1svi!2s!4v1731555845549!5m2!1svi!2s\" width=\"1500\" height=\"600\" style=\"border:0;\" allowfullscreen=\"\" loading=\"lazy\" referrerpolicy=\"no-referrer-when-downgrade\"><\/iframe><br \/>\n\n\t\t<\/div>\n\n\t\t\n<style>\n#section_1235593459 {\n  padding-top: 30px;\n  padding-bottom: 30px;\n}\n#section_1235593459 .ux-shape-divider--top svg {\n  height: 150px;\n  --divider-top-width: 100%;\n}\n#section_1235593459 .ux-shape-divider--bottom svg {\n  height: 150px;\n  --divider-width: 100%;\n}\n<\/style>\n\t<\/section>\n\t\n\t<section class=\"section bg-contain\" id=\"section_1029113254\">\n\t\t<div class=\"bg section-bg fill bg-fill  \" >\n\n\t\t\t\n\t\t\t\n\t\t\t\n\n\t\t<\/div>\n\n\t\t\n\n\t\t<div class=\"section-content relative\">\n\t\t\t\n<div class=\"row align-center\"  id=\"row-623318816\">\n\n\t<div id=\"col-1699173266\" class=\"col contact-page-form medium-6 small-12 large-6\"  >\n\t\t\t\t<div class=\"col-inner\" style=\"background-color:rgb(255,255,255);\" >\n\t\t\t\n\t\t\t\n<h2 data-line-height=\"xl\"><span style=\"font-size: 130%;\">\u0110\u1eb7t l\u1ecbch t\u01b0 v\u1ea5n tr\u1ef1c ti\u1ebfp v\u1edbi b\u00e1c s\u0129<\/span><\/h2>\n<div class=\"frm_forms  with_frm_style frm_style_formidable-style-2\" id=\"frm_form_2_container\" >\n<form enctype=\"multipart\/form-data\" method=\"post\" class=\"frm-show-form home-contact-form frm_ajax_submit  frm_pro_form \" id=\"form_contact-form\" >\n<div class=\"frm_form_fields \">\n<fieldset>\n<legend class=\"frm_screen_reader\">Contact Us<\/legend>\r\n\r\n<div class=\"frm_fields_container\">\n<input type=\"hidden\" name=\"frm_action\" value=\"create\" \/>\n<input type=\"hidden\" name=\"form_id\" value=\"2\" \/>\n<input type=\"hidden\" name=\"frm_hide_fields_2\" id=\"frm_hide_fields_2\" value=\"\" \/>\n<input type=\"hidden\" name=\"form_key\" value=\"contact-form\" \/>\n<input type=\"hidden\" name=\"item_meta[0]\" value=\"\" \/>\n<input type=\"hidden\" id=\"frm_submit_entry_2\" name=\"frm_submit_entry_2\" value=\"a4d264b395\" \/><input type=\"hidden\" name=\"_wp_http_referer\" value=\"\/en\/wp-json\/wp\/v2\/pages\/16328\" \/><div id=\"frm_field_6_container\" class=\"frm_form_field form-field  frm_required_field frm_top_container frm_first frm_half frm_half\">\r\n    <label for=\"field_name\" id=\"field_name_label\" class=\"frm_primary_label\">Full Name:\r\n        <span class=\"frm_required\">*<\/span>\r\n    <\/label>\r\n    <input type=\"text\" id=\"field_name\" name=\"item_meta[6]\" value=\"\"  data-reqmsg=\"Full Name: cannot be blank.\" aria-required=\"true\" data-invmsg=\"Name is invalid\" aria-invalid=\"false\"  \/>\r\n    \r\n    \r\n<\/div>\n<div id=\"frm_field_7_container\" class=\"frm_form_field form-field  frm_required_field frm_top_container frm_half\">\r\n    <label for=\"field_phone\" id=\"field_phone_label\" class=\"frm_primary_label\">Phone Number:\r\n        <span class=\"frm_required\">*<\/span>\r\n    <\/label>\r\n    <input type=\"tel\" id=\"field_phone\" name=\"item_meta[7]\" value=\"\"  data-frmmask=\"9999999999\" data-reqmsg=\"Phone Number: cannot be blank.\" aria-required=\"true\" data-invmsg=\"Subject is invalid\" aria-invalid=\"false\" pattern=\"\\d\\d\\d\\d\\d\\d\\d\\d\\d\\d$\"  \/>\r\n    \r\n    \r\n<\/div>\n<div id=\"frm_field_9_container\" class=\"frm_form_field form-field  frm_top_container frm_half frm_other_container\">\r\n    <label for=\"field_province\" id=\"field_province_label\" class=\"frm_primary_label\">City\/Province:\r\n        <span class=\"frm_required\"><\/span>\r\n    <\/label>\r\n    \t\t<select name=\"item_meta[9]\" id=\"field_province\"  data-invmsg=\"City\/Province: is invalid\" aria-invalid=\"false\"  >\n\t\t<option  value=\"TP HCM\">TP HCM<\/option><option  value=\"H\u00e0 N\u1ed9i\">H\u00e0 N\u1ed9i<\/option><option  value=\"C\u1ea7n Th\u01a1\">C\u1ea7n Th\u01a1<\/option><option  value=\"\u0110\u00e0 N\u1eb5ng\">\u0110\u00e0 N\u1eb5ng<\/option><option  value=\"H\u1ea3i Ph\u00f2ng\">H\u1ea3i Ph\u00f2ng<\/option><option  value=\"An Giang\">An Giang<\/option><option  value=\"B\u00e0 R\u1ecba - V\u0169ng T\u00e0u\">B\u00e0 R\u1ecba - V\u0169ng T\u00e0u<\/option><option  value=\"B\u1eafc Giang\">B\u1eafc Giang<\/option><option  value=\"B\u1eafc K\u1ea1n\">B\u1eafc K\u1ea1n<\/option><option  value=\"B\u1ea1c Li\u00eau\">B\u1ea1c Li\u00eau<\/option><option  value=\"B\u1eafc Ninh\">B\u1eafc Ninh<\/option><option  value=\"B\u1ebfn Tre\">B\u1ebfn Tre<\/option><option  value=\"B\u00ecnh \u0110\u1ecbnh\">B\u00ecnh \u0110\u1ecbnh<\/option><option  value=\"B\u00ecnh D\u01b0\u01a1ng\">B\u00ecnh D\u01b0\u01a1ng<\/option><option  value=\"B\u00ecnh Ph\u01b0\u1edbc\">B\u00ecnh Ph\u01b0\u1edbc<\/option><option  value=\"B\u00ecnh Thu\u1eadn\">B\u00ecnh Thu\u1eadn<\/option><option  value=\"C\u00e0 Mau\">C\u00e0 Mau<\/option><option  value=\"Cao B\u1eb1ng\">Cao B\u1eb1ng<\/option><option  value=\"\u0110\u1eafk L\u1eafk\">\u0110\u1eafk L\u1eafk<\/option><option  value=\"\u0110\u1eafk N\u00f4ng\">\u0110\u1eafk N\u00f4ng<\/option><option  value=\"\u0110i\u1ec7n Bi\u00ean\">\u0110i\u1ec7n Bi\u00ean<\/option><option  value=\"\u0110\u1ed3ng Nai\">\u0110\u1ed3ng Nai<\/option><option  value=\"\u0110\u1ed3ng Th\u00e1p\">\u0110\u1ed3ng Th\u00e1p<\/option><option  value=\"Gia Lai\">Gia Lai<\/option><option  value=\"H\u00e0 Giang\">H\u00e0 Giang<\/option><option  value=\"H\u00e0 Nam\">H\u00e0 Nam<\/option><option  value=\"H\u00e0 T\u0129nh\">H\u00e0 T\u0129nh<\/option><option  value=\"H\u1ea3i D\u01b0\u01a1ng\">H\u1ea3i D\u01b0\u01a1ng<\/option><option  value=\"H\u1eadu Giang\">H\u1eadu Giang<\/option><option  value=\"H\u00f2a B\u00ecnh\">H\u00f2a B\u00ecnh<\/option><option  value=\"H\u01b0ng Y\u00ean\">H\u01b0ng Y\u00ean<\/option><option  value=\"Kh\u00e1nh H\u00f2a\">Kh\u00e1nh H\u00f2a<\/option><option  value=\"Ki\u00ean Giang\">Ki\u00ean Giang<\/option><option  value=\"Kon Tum\">Kon Tum<\/option><option  value=\"Lai Ch\u00e2u\">Lai Ch\u00e2u<\/option><option  value=\"L\u00e2m \u0110\u1ed3ng\">L\u00e2m \u0110\u1ed3ng<\/option><option  value=\"L\u1ea1ng S\u01a1n\">L\u1ea1ng S\u01a1n<\/option><option  value=\"L\u00e0o Cai\">L\u00e0o Cai<\/option><option  value=\"Long An\">Long An<\/option><option  value=\"Nam \u0110\u1ecbnh\">Nam \u0110\u1ecbnh<\/option><option  value=\"Ngh\u1ec7 An\">Ngh\u1ec7 An<\/option><option  value=\"Ninh B\u00ecnh\">Ninh B\u00ecnh<\/option><option  value=\"Ninh Thu\u1eadn\">Ninh Thu\u1eadn<\/option><option  value=\"Ph\u00fa Th\u1ecd\">Ph\u00fa Th\u1ecd<\/option><option  value=\"Ph\u00fa Y\u00ean\">Ph\u00fa Y\u00ean<\/option><option  value=\"Qu\u1ea3ng B\u00ecnh\">Qu\u1ea3ng B\u00ecnh<\/option><option  value=\"Qu\u1ea3ng Nam\">Qu\u1ea3ng Nam<\/option><option  value=\"Qu\u1ea3ng Ng\u00e3i\">Qu\u1ea3ng Ng\u00e3i<\/option><option  value=\"Qu\u1ea3ng Ninh\">Qu\u1ea3ng Ninh<\/option><option  value=\"Qu\u1ea3ng Tr\u1ecb\">Qu\u1ea3ng Tr\u1ecb<\/option><option  value=\"S\u00f3c Tr\u0103ng\">S\u00f3c Tr\u0103ng<\/option><option  value=\"S\u01a1n La\">S\u01a1n La<\/option><option  value=\"T\u00e2y Ninh\">T\u00e2y Ninh<\/option><option  value=\"Th\u00e1i B\u00ecnh\">Th\u00e1i B\u00ecnh<\/option><option  value=\"Th\u00e1i Nguy\u00ean\">Th\u00e1i Nguy\u00ean<\/option><option  value=\"Thanh H\u00f3a\">Thanh H\u00f3a<\/option><option  value=\"Th\u1eeba Thi\u00ean Hu\u1ebf\">Th\u1eeba Thi\u00ean Hu\u1ebf<\/option><option  value=\"Ti\u1ec1n Giang\">Ti\u1ec1n Giang<\/option><option  value=\"Tr\u00e0 Vinh\">Tr\u00e0 Vinh<\/option><option  value=\"Tuy\u00ean Quang\">Tuy\u00ean Quang<\/option><option  value=\"V\u0129nh Long\">V\u0129nh Long<\/option><option  value=\"V\u0129nh Ph\u00fac\">V\u0129nh Ph\u00fac<\/option><option  value=\"Y\u00ean B\u00e1i\">Y\u00ean B\u00e1i<\/option><option  value=\"Khu V\u1ef1c Kh\u00e1c\" class=\"frm_other_trigger\">Khu V\u1ef1c Kh\u00e1c<\/option>\t<\/select>\n\t<label for=\"field_province-otext\" class=\"frm_screen_reader frm_hidden\">City\/Province:<\/label><input type=\"text\" id=\"field_province-otext\" class=\"frm_other_input frm_pos_none\"  name=\"item_meta[other][9]\" value=\"\" \/>\r\n    \r\n    \r\n<\/div>\n<div id=\"frm_field_41_container\" class=\"frm_form_field form-field  frm_top_container frm_half frm_other_container\">\r\n    <label for=\"field_xvho7\" id=\"field_xvho7_label\" class=\"frm_primary_label\">Consultation Type:\r\n        <span class=\"frm_required\" aria-hidden=\"true\"><\/span>\r\n    <\/label>\r\n    \t\t<select name=\"item_meta[41]\" id=\"field_xvho7\"  data-frmval=\"N\u00e2ng M\u0169i M\u1edbi\" data-invmsg=\"Consultation Type: is invalid\" aria-invalid=\"false\"  >\n\t\t<option  value=\"N\u00e2ng M\u0169i M\u1edbi\" selected='selected'>Primary Rhinoplasty<\/option><option  value=\"T\u00e1i T\u1ea1o M\u0169i H\u1ecfng\">Revision Rhinoplasty<\/option><option  value=\"D\u1ecbch V\u1ee5 Kh\u00e1c\" class=\"frm_other_trigger\">Other Services<\/option>\t<\/select>\n\t<label for=\"field_xvho7-otext\" class=\"frm_screen_reader frm_hidden\">Consultation Type:<\/label><input type=\"text\" id=\"field_xvho7-otext\" class=\"frm_other_input frm_pos_none\"  name=\"item_meta[other][41]\" value=\"\" \/>\r\n    \r\n    \r\n<\/div>\n<div id=\"frm_field_81_container\" class=\"frm_form_field form-field \">\n\t<div class=\"frm_submit\">\r\n\r\n<button class=\"frm_button_submit frm_final_submit\" type=\"submit\"  >Book a Consultation with Our Doctors<\/button>\r\n\r\n<\/div>\n<\/div>\n\t<input type=\"hidden\" name=\"item_key\" value=\"\" \/>\n\t\t\t\t<div class=\"frm__6716167c5d08d\">\n\t\t\t\t<label for=\"frm_email_2\" >\n\t\t\t\t\tIf you are human, leave this field blank.\t\t\t\t<\/label>\n\t\t\t\t<input  id=\"frm_email_2\" type=\"text\" class=\"frm_verify\" name=\"frm__6716167c5d08d\" value=\"\" autocomplete=\"off\"  \/>\n\t\t\t<\/div>\n\t\t<input name=\"frm_state\" type=\"hidden\" value=\"hVhwOdcYunW5KZ9RjM2sFQhK4C2AwiwMi9ANkLk5sqtLRJixJzae4VwJzr7ljdJN\" \/><\/div>\n<\/fieldset>\n<\/div>\n<\/form>\n<\/div>\n\n\t\t<\/div>\n\t\t\t\t\n<style>\n#col-1699173266 > .col-inner {\n  padding: 5% 5% 5% 5%;\n}\n<\/style>\n\t<\/div>\n\n\t\n<\/div>\n\t\t<\/div>\n\n\t\t\n<style>\n#section_1029113254 {\n  padding-top: 30px;\n  padding-bottom: 30px;\n  margin-bottom: 50px;\n}\n#section_1029113254 .section-bg.bg-loaded {\n  background-image: 8182;\n}\n#section_1029113254 .ux-shape-divider--top svg {\n  height: 150px;\n  --divider-top-width: 100%;\n}\n#section_1029113254 .ux-shape-divider--bottom svg {\n  height: 150px;\n  --divider-width: 100%;\n}\n<\/style>\n\t<\/section>\n\t\n","protected":false},"excerpt":{"rendered":"","protected":false},"author":5,"featured_media":0,"parent":0,"menu_order":0,"comment_status":"closed","ping_status":"closed","template":"page-blank.php","meta":{"footnotes":""},"class_list":["post-16328","page","type-page","status-publish","hentry"],"acf":[],"_links":{"self":[{"href":"https:\/\/aznose.vn\/en\/wp-json\/wp\/v2\/pages\/16328"}],"collection":[{"href":"https:\/\/aznose.vn\/en\/wp-json\/wp\/v2\/pages"}],"about":[{"href":"https:\/\/aznose.vn\/en\/wp-json\/wp\/v2\/types\/page"}],"author":[{"embeddable":true,"href":"https:\/\/aznose.vn\/en\/wp-json\/wp\/v2\/users\/5"}],"replies":[{"embeddable":true,"href":"https:\/\/aznose.vn\/en\/wp-json\/wp\/v2\/comments?post=16328"}],"version-history":[{"count":3,"href":"https:\/\/aznose.vn\/en\/wp-json\/wp\/v2\/pages\/16328\/revisions"}],"predecessor-version":[{"id":16331,"href":"https:\/\/aznose.vn\/en\/wp-json\/wp\/v2\/pages\/16328\/revisions\/16331"}],"wp:attachment":[{"href":"https:\/\/aznose.vn\/en\/wp-json\/wp\/v2\/media?parent=16328"}],"curies":[{"name":"wp","href":"https:\/\/api.w.org\/{rel}","templated":true}]}}